{"id":463,"date":"2026-02-25T10:11:21","date_gmt":"2026-02-25T09:11:21","guid":{"rendered":"https:\/\/citystrada.pl\/?page_id=463"},"modified":"2026-02-25T10:14:40","modified_gmt":"2026-02-25T09:14:40","slug":"pliki","status":"publish","type":"page","link":"https:\/\/citystrada.pl\/?page_id=463","title":{"rendered":"Pliki do pobrania"},"content":{"rendered":"\t\t<div data-elementor-type=\"wp-page\" data-elementor-id=\"463\" class=\"elementor elementor-463\">\n\t\t\t\t<div class=\"elementor-element elementor-element-610eacf e-flex e-con-boxed e-con e-parent\" data-id=\"610eacf\" data-element_type=\"container\" data-e-type=\"container\">\n\t\t\t\t\t<div class=\"e-con-inner\">\n\t\t\t\t<div class=\"elementor-element elementor-element-a5deea9 elementor-widget elementor-widget-shortcode\" data-id=\"a5deea9\" data-element_type=\"widget\" data-e-type=\"widget\" data-widget_type=\"shortcode.default\">\n\t\t\t\t<div class=\"elementor-widget-container\">\n\t\t\t\t\t\t\t<div class=\"elementor-shortcode\"><a  data-e-Disable-Page-Transition=\"true\" class=\"download-link\" title=\"\" href=\"http:\/\/citystrada.pl?download=460&amp;tmstv=1776031182\" rel=\"nofollow\" id=\"download-link-460\" data-redirect=\"false\" >\n\tRegulamin od 14\/03\/2026\t(94 pobrania\t)\n<\/a>\n<\/div>\n\t\t\t\t\t\t<\/div>\n\t\t\t\t<\/div>\n\t\t\t\t\t<\/div>\n\t\t\t\t<\/div>\n\t\t\t\t<\/div>\n\t\t","protected":false},"excerpt":{"rendered":"","protected":false},"author":1,"featured_media":0,"parent":0,"menu_order":0,"comment_status":"closed","ping_status":"closed","template":"","meta":{"footnotes":""},"class_list":["post-463","page","type-page","status-publish","hentry"],"yoast_head":"<!-- This site is optimized with the Yoast SEO plugin v27.3 - https:\/\/yoast.com\/product\/yoast-seo-wordpress\/ -->\n<title>Pliki do pobrania - Citystrada S.A.<\/title>\n<meta name=\"robots\" content=\"index, follow, max-snippet:-1, max-image-preview:large, max-video-preview:-1\" \/>\n<link rel=\"canonical\" href=\"https:\/\/citystrada.pl\/?page_id=463\" \/>\n<meta property=\"og:locale\" content=\"pl_PL\" \/>\n<meta property=\"og:type\" content=\"article\" \/>\n<meta property=\"og:title\" content=\"Pliki do pobrania - Citystrada S.A.\" \/>\n<meta property=\"og:url\" content=\"https:\/\/citystrada.pl\/?page_id=463\" \/>\n<meta property=\"og:site_name\" content=\"Citystrada S.A.\" \/>\n<meta property=\"article:modified_time\" content=\"2026-02-25T09:14:40+00:00\" \/>\n<meta name=\"twitter:card\" content=\"summary_large_image\" \/>\n<meta name=\"twitter:label1\" content=\"Szacowany czas czytania\" \/>\n\t<meta name=\"twitter:data1\" content=\"1 minuta\" \/>\n<script type=\"application\/ld+json\" class=\"yoast-schema-graph\">{\"@context\":\"https:\\\/\\\/schema.org\",\"@graph\":[{\"@type\":\"WebPage\",\"@id\":\"https:\\\/\\\/citystrada.pl\\\/?page_id=463\",\"url\":\"https:\\\/\\\/citystrada.pl\\\/?page_id=463\",\"name\":\"Pliki do pobrania - Citystrada S.A.\",\"isPartOf\":{\"@id\":\"https:\\\/\\\/citystrada.pl\\\/#website\"},\"datePublished\":\"2026-02-25T09:11:21+00:00\",\"dateModified\":\"2026-02-25T09:14:40+00:00\",\"breadcrumb\":{\"@id\":\"https:\\\/\\\/citystrada.pl\\\/?page_id=463#breadcrumb\"},\"inLanguage\":\"pl-PL\",\"potentialAction\":[{\"@type\":\"ReadAction\",\"target\":[\"https:\\\/\\\/citystrada.pl\\\/?page_id=463\"]}]},{\"@type\":\"BreadcrumbList\",\"@id\":\"https:\\\/\\\/citystrada.pl\\\/?page_id=463#breadcrumb\",\"itemListElement\":[{\"@type\":\"ListItem\",\"position\":1,\"name\":\"Home\",\"item\":\"https:\\\/\\\/citystrada.pl\\\/\"},{\"@type\":\"ListItem\",\"position\":2,\"name\":\"Pliki do pobrania\"}]},{\"@type\":\"WebSite\",\"@id\":\"https:\\\/\\\/citystrada.pl\\\/#website\",\"url\":\"https:\\\/\\\/citystrada.pl\\\/\",\"name\":\"GalaxyNet\",\"description\":\"wi\u0119cej ni\u017c \u015bwiat\u0142ow\u00f3d\",\"potentialAction\":[{\"@type\":\"SearchAction\",\"target\":{\"@type\":\"EntryPoint\",\"urlTemplate\":\"https:\\\/\\\/citystrada.pl\\\/?s={search_term_string}\"},\"query-input\":{\"@type\":\"PropertyValueSpecification\",\"valueRequired\":true,\"valueName\":\"search_term_string\"}}],\"inLanguage\":\"pl-PL\"}]}<\/script>\n<!-- \/ Yoast SEO plugin. -->","yoast_head_json":{"title":"Pliki do pobrania - Citystrada S.A.","robots":{"index":"index","follow":"follow","max-snippet":"max-snippet:-1","max-image-preview":"max-image-preview:large","max-video-preview":"max-video-preview:-1"},"canonical":"https:\/\/citystrada.pl\/?page_id=463","og_locale":"pl_PL","og_type":"article","og_title":"Pliki do pobrania - Citystrada S.A.","og_url":"https:\/\/citystrada.pl\/?page_id=463","og_site_name":"Citystrada S.A.","article_modified_time":"2026-02-25T09:14:40+00:00","twitter_card":"summary_large_image","twitter_misc":{"Szacowany czas czytania":"1 minuta"},"schema":{"@context":"https:\/\/schema.org","@graph":[{"@type":"WebPage","@id":"https:\/\/citystrada.pl\/?page_id=463","url":"https:\/\/citystrada.pl\/?page_id=463","name":"Pliki do pobrania - Citystrada S.A.","isPartOf":{"@id":"https:\/\/citystrada.pl\/#website"},"datePublished":"2026-02-25T09:11:21+00:00","dateModified":"2026-02-25T09:14:40+00:00","breadcrumb":{"@id":"https:\/\/citystrada.pl\/?page_id=463#breadcrumb"},"inLanguage":"pl-PL","potentialAction":[{"@type":"ReadAction","target":["https:\/\/citystrada.pl\/?page_id=463"]}]},{"@type":"BreadcrumbList","@id":"https:\/\/citystrada.pl\/?page_id=463#breadcrumb","itemListElement":[{"@type":"ListItem","position":1,"name":"Home","item":"https:\/\/citystrada.pl\/"},{"@type":"ListItem","position":2,"name":"Pliki do pobrania"}]},{"@type":"WebSite","@id":"https:\/\/citystrada.pl\/#website","url":"https:\/\/citystrada.pl\/","name":"GalaxyNet","description":"wi\u0119cej ni\u017c \u015bwiat\u0142ow\u00f3d","potentialAction":[{"@type":"SearchAction","target":{"@type":"EntryPoint","urlTemplate":"https:\/\/citystrada.pl\/?s={search_term_string}"},"query-input":{"@type":"PropertyValueSpecification","valueRequired":true,"valueName":"search_term_string"}}],"inLanguage":"pl-PL"}]}},"_links":{"self":[{"href":"https:\/\/citystrada.pl\/index.php?rest_route=\/wp\/v2\/pages\/463","targetHints":{"allow":["GET"]}}],"collection":[{"href":"https:\/\/citystrada.pl\/index.php?rest_route=\/wp\/v2\/pages"}],"about":[{"href":"https:\/\/citystrada.pl\/index.php?rest_route=\/wp\/v2\/types\/page"}],"author":[{"embeddable":true,"href":"https:\/\/citystrada.pl\/index.php?rest_route=\/wp\/v2\/users\/1"}],"replies":[{"embeddable":true,"href":"https:\/\/citystrada.pl\/index.php?rest_route=%2Fwp%2Fv2%2Fcomments&post=463"}],"version-history":[{"count":6,"href":"https:\/\/citystrada.pl\/index.php?rest_route=\/wp\/v2\/pages\/463\/revisions"}],"predecessor-version":[{"id":469,"href":"https:\/\/citystrada.pl\/index.php?rest_route=\/wp\/v2\/pages\/463\/revisions\/469"}],"wp:attachment":[{"href":"https:\/\/citystrada.pl\/index.php?rest_route=%2Fwp%2Fv2%2Fmedia&parent=463"}],"curies":[{"name":"wp","href":"https:\/\/api.w.org\/{rel}","templated":true}]}}