{"id":56,"date":"2024-07-12T09:07:51","date_gmt":"2024-07-12T07:07:51","guid":{"rendered":"https:\/\/citystrada.pl\/?page_id=56"},"modified":"2025-06-17T17:20:28","modified_gmt":"2025-06-17T15:20:28","slug":"abonament-komorkowy","status":"publish","type":"page","link":"https:\/\/citystrada.pl\/?page_id=56","title":{"rendered":"Telefonia GSM"},"content":{"rendered":"\t\t<div data-elementor-type=\"wp-page\" data-elementor-id=\"56\" class=\"elementor elementor-56\">\n\t\t\t\t<div class=\"elementor-element elementor-element-5811c3ac e-flex e-con-boxed e-con e-parent\" data-id=\"5811c3ac\" data-element_type=\"container\" data-e-type=\"container\">\n\t\t\t\t\t<div class=\"e-con-inner\">\n\t\t\t\t<div class=\"elementor-element elementor-element-16594f30 elementor-widget elementor-widget-text-editor\" data-id=\"16594f30\" data-element_type=\"widget\" data-e-type=\"widget\" data-widget_type=\"text-editor.default\">\n\t\t\t\t<div class=\"elementor-widget-container\">\n\t\t\t\t\t\t\t\t\t<h2 style=\"margin-bottom: 12px; border: 0px; padding: 0px; overflow-wrap: break-word; font-size: 24px; line-height: 28px; font-family: Inter, sans-serif; background-color: #fcfbfb;\">Elastyczna Telefonia GSM dla Firm &#8211; Citystrada S.A.<\/h2><p style=\"color: #000000; border: 0px; padding-bottom: 0px; overflow-wrap: break-word; white-space-collapse: preserve; font-family: Inter, sans-serif; font-size: 15px; background-color: #fcfbfb;\">Usprawnij komunikacj\u0119 mobiln\u0105 w Twojej firmie. Citystrada S.A. oferuje abonamenty GSM dla biznesu, zapewniaj\u0105ce pe\u0142n\u0105 kontrol\u0119 nad kosztami i elastyczne dopasowanie do Twoich potrzeb.<\/p><p style=\"color: #000000; margin-top: 12px; border: 0px; padding-bottom: 0px; overflow-wrap: break-word; white-space-collapse: preserve; font-family: Inter, sans-serif; font-size: 15px; background-color: #fcfbfb;\"><span style=\"color: inherit; margin: 0px; border: 0px; padding: 0px; font-weight: bold;\">Dlaczego wybra\u0107 Telefoni\u0119 GSM od Citystrada S.A.?<\/span><\/p><ul style=\"color: #000000; margin-bottom: 0px; margin-left: 0px; border: 0px; padding-left: 20px; font-family: Inter, sans-serif; font-size: 15px; background-color: #fcfbfb;\"><li style=\"color: inherit; margin: 0px 0px 12px; border: 0px; padding: 0px;\"><span style=\"color: inherit; margin: 0px; border: 0px; padding: 0px; font-weight: bold;\">Konkurencyjne ceny:<\/span>\u00a0Atrakcyjne pakiety minut, SMS-\u00f3w i danych, pozwalaj\u0105ce na optymalizacj\u0119 koszt\u00f3w.<\/li><li style=\"color: inherit; margin: 12px 0px; border: 0px; padding: 0px;\"><span style=\"color: inherit; margin: 0px; border: 0px; padding: 0px; font-weight: bold;\">Elastyczne pakiety:<\/span>\u00a0Dopasuj liczb\u0119 numer\u00f3w, minut, SMS-\u00f3w i danych do profilu dzia\u0142alno\u015bci Twojej firmy.<\/li><li style=\"color: inherit; margin: 12px 0px; border: 0px; padding: 0px;\"><span style=\"color: inherit; margin: 0px; border: 0px; padding: 0px; font-weight: bold;\">Roaming<\/span>: Bezproblemowe po\u0142\u0105czenia i transmisja danych za granic\u0105.<\/li><li style=\"color: inherit; margin: 12px 0px; border: 0px; padding: 0px;\"><span style=\"color: inherit; margin: 0px; border: 0px; padding: 0px; font-weight: bold;\">Jasne zasady:<\/span>\u00a0Brak ukrytych koszt\u00f3w i przejrzyste warunki umowy.<\/li><li style=\"color: inherit; margin: 12px 0px; border: 0px; padding: 0px;\"><span style=\"color: inherit; margin: 0px; border: 0px; padding: 0px; font-weight: bold;\">Wsparcie techniczne:<\/span>\u00a0Dedykowany zesp\u00f3\u0142 wsparcia technicznego, gotowy do pomocy w ka\u017cdej sytuacji.<\/li><li style=\"color: inherit; margin: 12px 0px; border: 0px; padding: 0px;\"><span style=\"color: inherit; margin: 0px; border: 0px; padding: 0px; font-weight: bold;\">Proste zarz\u0105dzanie:<\/span>\u00a0\u0141atwy w obs\u0142udze panel do zarz\u0105dzania numerami i kosztami.<\/li><\/ul><p style=\"color: #000000; border: 0px; padding-bottom: 0px; overflow-wrap: break-word; white-space-collapse: preserve; font-family: Inter, sans-serif; font-size: 15px; background-color: #fcfbfb;\"><span style=\"color: inherit; margin: 0px; border: 0px; padding: 0px; font-weight: bold;\">Nasza Oferta Telefonii GSM dla Biznesu Obejmuje:<\/span><\/p><ul style=\"color: #000000; margin-bottom: 0px; margin-left: 0px; border: 0px; padding-left: 20px; font-family: Inter, sans-serif; font-size: 15px; background-color: #fcfbfb;\"><li style=\"color: inherit; margin: 0px 0px 12px; border: 0px; padding: 0px;\"><span style=\"color: inherit; margin: 0px; border: 0px; padding: 0px; font-weight: bold;\">Abonamenty g\u0142osowe:<\/span>\u00a0Pakiety z nielimitowanymi rozmowami, SMS-ami i MMS-ami.<\/li><li style=\"color: inherit; margin: 12px 0px; border: 0px; padding: 0px;\"><span style=\"color: inherit; margin: 0px; border: 0px; padding: 0px; font-weight: bold;\">Pakiety danych<\/span>: Atrakcyjne pakiety danych mobilnych, idealne dla pracownik\u00f3w w terenie.<\/li><li style=\"color: inherit; margin: 12px 0px; border: 0px; padding: 0px;\"><span style=\"color: inherit; margin: 0px; border: 0px; padding: 0px; font-weight: bold;\">Abonamenty roamingowe:<\/span>\u00a0Specjalne pakiety dla os\u00f3b cz\u0119sto podr\u00f3\u017cuj\u0105cych za granic\u0119.<\/li><li style=\"color: inherit; margin: 12px 0px; border: 0px; padding: 0px;\"><span style=\"color: inherit; margin: 0px; border: 0px; padding: 0px; font-weight: bold;\">Us\u0142ugi dodatkowe<\/span>:<br \/><ul style=\"color: inherit; margin-top: 12px; margin-left: 0px; border: 0px; padding-left: 20px;\"><li style=\"color: inherit; margin: 0px 0px 12px; border: 0px; padding: 0px;\">Po\u0142\u0105czenia konferencyjne<\/li><li style=\"color: inherit; margin: 12px 0px; border: 0px; padding: 0px;\">Przekierowania<\/li><li style=\"color: inherit; margin: 12px 0px; border: 0px; padding: 0px;\">Poczta g\u0142osowa<\/li><li style=\"color: inherit; margin: 12px 0px; border: 0px; padding: 0px;\">I inne<\/li><\/ul><\/li><\/ul><p style=\"color: #000000; border: 0px; padding-bottom: 0px; overflow-wrap: break-word; white-space-collapse: preserve; font-family: Inter, sans-serif; font-size: 15px; background-color: #fcfbfb;\"><span style=\"color: inherit; margin: 0px; border: 0px; padding: 0px; font-weight: bold;\">Dla Kogo Jest Telefonia GSM Citystrada S.A.?<\/span><\/p><ul style=\"color: #000000; margin-bottom: 0px; margin-left: 0px; border: 0px; padding-left: 20px; font-family: Inter, sans-serif; font-size: 15px; background-color: #fcfbfb;\"><li style=\"color: inherit; margin: 0px 0px 12px; border: 0px; padding: 0px;\">Firmy handlowe i us\u0142ugowe<\/li><li style=\"color: inherit; margin: 12px 0px; border: 0px; padding: 0px;\">Przedstawiciele handlowi i terenowi<\/li><li style=\"color: inherit; margin: 12px 0px; border: 0px; padding: 0px;\">Firmy budowlane<\/li><li style=\"color: inherit; margin: 12px 0px; border: 0px; padding: 0px;\">Firmy kurierskie i transportowe<\/li><li style=\"color: inherit; margin: 12px 0px; border: 0px; padding: 0px;\">Wszystkie firmy, kt\u00f3re potrzebuj\u0105 mobilnej i niezawodnej komunikacji<\/li><\/ul><p style=\"color: #000000; border: 0px; padding-bottom: 0px; overflow-wrap: break-word; white-space-collapse: preserve; font-family: Inter, sans-serif; font-size: 15px; background-color: #fcfbfb;\"><span style=\"color: inherit; margin: 0px; border: 0px; padding: 0px; font-weight: bold;\">B\u0105d\u017a Zawsze w Kontakcie!<\/span><\/p><p style=\"color: #000000; margin-top: 12px; border: 0px; padding-bottom: 0px; overflow-wrap: break-word; white-space-collapse: preserve; font-family: Inter, sans-serif; font-size: 15px; background-color: #fcfbfb;\">[<span style=\"color: inherit; font-weight: bold;\">Z Citystrada S.A. zyskujesz:<\/span><\/p><ul style=\"color: #000000; margin-bottom: 0px; margin-left: 0px; border: 0px; padding-left: 20px; font-family: Inter, sans-serif; font-size: 15px; background-color: #fcfbfb;\"><li style=\"color: inherit; margin: 0px 0px 12px; border: 0px; padding: 0px;\">Elastyczne pakiety<\/li><li style=\"color: inherit; margin: 12px 0px; border: 0px; padding: 0px;\">Konkurencyjne ceny<\/li><li style=\"color: inherit; margin: 12px 0px; border: 0px; padding: 0px;\">Profesjonalne wsparcie<\/li><li style=\"color: inherit; margin: 12px 0px; border: 0px; padding: 0px;\">Bezpiecze\u0144stwo i niezawodno\u015b\u0107<\/li><\/ul><p style=\"color: #000000; border: 0px; overflow-wrap: break-word; white-space-collapse: preserve; font-family: Inter, sans-serif; font-size: 15px; background-color: #fcfbfb;\"><span style=\"color: inherit; margin: 0px; border: 0px; padding: 0px; font-weight: bold;\">Skontaktuj si\u0119 z nami i wybierz najlepsze rozwi\u0105zanie dla Twojej firmy!<\/span><\/p>\t\t\t\t\t\t\t\t<\/div>\n\t\t\t\t<\/div>\n\t\t\t\t\t<\/div>\n\t\t\t\t<\/div>\n\t\t<div class=\"elementor-element elementor-element-cc87562 e-flex e-con-boxed e-con e-parent\" data-id=\"cc87562\" data-element_type=\"container\" data-e-type=\"container\">\n\t\t\t\t\t<div class=\"e-con-inner\">\n\t\t\t\t\t<\/div>\n\t\t\t\t<\/div>\n\t\t\t\t<\/div>\n\t\t","protected":false},"excerpt":{"rendered":"<p>Elastyczna Telefonia GSM dla Firm &#8211; Citystrada S.A. Usprawnij komunikacj\u0119 mobiln\u0105 w Twojej firmie. Citystrada S.A. oferuje abonamenty GSM dla biznesu, zapewniaj\u0105ce pe\u0142n\u0105 kontrol\u0119 nad kosztami i elastyczne dopasowanie do Twoich potrzeb. Dlaczego wybra\u0107 Telefoni\u0119 GSM od Citystrada S.A.? Konkurencyjne ceny:\u00a0Atrakcyjne pakiety minut, SMS-\u00f3w i danych, pozwalaj\u0105ce na optymalizacj\u0119 koszt\u00f3w. Elastyczne pakiety:\u00a0Dopasuj liczb\u0119 numer\u00f3w, minut, [&hellip;]<\/p>\n","protected":false},"author":1,"featured_media":0,"parent":0,"menu_order":0,"comment_status":"closed","ping_status":"closed","template":"","meta":{"footnotes":""},"class_list":["post-56","page","type-page","status-publish","hentry"],"yoast_head":"<!-- This site is optimized with the Yoast SEO plugin v27.3 - https:\/\/yoast.com\/product\/yoast-seo-wordpress\/ -->\n<title>Telefonia GSM - Citystrada S.A.<\/title>\n<meta name=\"robots\" content=\"index, follow, max-snippet:-1, max-image-preview:large, max-video-preview:-1\" \/>\n<link rel=\"canonical\" href=\"https:\/\/citystrada.pl\/?page_id=56\" \/>\n<meta property=\"og:locale\" content=\"pl_PL\" \/>\n<meta property=\"og:type\" content=\"article\" \/>\n<meta property=\"og:title\" content=\"Telefonia GSM - Citystrada S.A.\" \/>\n<meta property=\"og:description\" content=\"Elastyczna Telefonia GSM dla Firm &#8211; Citystrada S.A. Usprawnij komunikacj\u0119 mobiln\u0105 w Twojej firmie. Citystrada S.A. oferuje abonamenty GSM dla biznesu, zapewniaj\u0105ce pe\u0142n\u0105 kontrol\u0119 nad kosztami i elastyczne dopasowanie do Twoich potrzeb. Dlaczego wybra\u0107 Telefoni\u0119 GSM od Citystrada S.A.? Konkurencyjne ceny:\u00a0Atrakcyjne pakiety minut, SMS-\u00f3w i danych, pozwalaj\u0105ce na optymalizacj\u0119 koszt\u00f3w. Elastyczne pakiety:\u00a0Dopasuj liczb\u0119 numer\u00f3w, minut, [&hellip;]\" \/>\n<meta property=\"og:url\" content=\"https:\/\/citystrada.pl\/?page_id=56\" \/>\n<meta property=\"og:site_name\" content=\"Citystrada S.A.\" \/>\n<meta property=\"article:modified_time\" content=\"2025-06-17T15:20:28+00:00\" \/>\n<meta name=\"twitter:card\" content=\"summary_large_image\" \/>\n<meta name=\"twitter:label1\" content=\"Szacowany czas czytania\" \/>\n\t<meta name=\"twitter:data1\" content=\"2 minuty\" \/>\n<script type=\"application\/ld+json\" class=\"yoast-schema-graph\">{\"@context\":\"https:\\\/\\\/schema.org\",\"@graph\":[{\"@type\":\"WebPage\",\"@id\":\"https:\\\/\\\/citystrada.pl\\\/?page_id=56\",\"url\":\"https:\\\/\\\/citystrada.pl\\\/?page_id=56\",\"name\":\"Telefonia GSM - Citystrada S.A.\",\"isPartOf\":{\"@id\":\"https:\\\/\\\/citystrada.pl\\\/#website\"},\"datePublished\":\"2024-07-12T07:07:51+00:00\",\"dateModified\":\"2025-06-17T15:20:28+00:00\",\"breadcrumb\":{\"@id\":\"https:\\\/\\\/citystrada.pl\\\/?page_id=56#breadcrumb\"},\"inLanguage\":\"pl-PL\",\"potentialAction\":[{\"@type\":\"ReadAction\",\"target\":[\"https:\\\/\\\/citystrada.pl\\\/?page_id=56\"]}]},{\"@type\":\"BreadcrumbList\",\"@id\":\"https:\\\/\\\/citystrada.pl\\\/?page_id=56#breadcrumb\",\"itemListElement\":[{\"@type\":\"ListItem\",\"position\":1,\"name\":\"Home\",\"item\":\"https:\\\/\\\/citystrada.pl\\\/\"},{\"@type\":\"ListItem\",\"position\":2,\"name\":\"Telefonia GSM\"}]},{\"@type\":\"WebSite\",\"@id\":\"https:\\\/\\\/citystrada.pl\\\/#website\",\"url\":\"https:\\\/\\\/citystrada.pl\\\/\",\"name\":\"GalaxyNet\",\"description\":\"wi\u0119cej ni\u017c \u015bwiat\u0142ow\u00f3d\",\"potentialAction\":[{\"@type\":\"SearchAction\",\"target\":{\"@type\":\"EntryPoint\",\"urlTemplate\":\"https:\\\/\\\/citystrada.pl\\\/?s={search_term_string}\"},\"query-input\":{\"@type\":\"PropertyValueSpecification\",\"valueRequired\":true,\"valueName\":\"search_term_string\"}}],\"inLanguage\":\"pl-PL\"}]}<\/script>\n<!-- \/ Yoast SEO plugin. -->","yoast_head_json":{"title":"Telefonia GSM - Citystrada S.A.","robots":{"index":"index","follow":"follow","max-snippet":"max-snippet:-1","max-image-preview":"max-image-preview:large","max-video-preview":"max-video-preview:-1"},"canonical":"https:\/\/citystrada.pl\/?page_id=56","og_locale":"pl_PL","og_type":"article","og_title":"Telefonia GSM - Citystrada S.A.","og_description":"Elastyczna Telefonia GSM dla Firm &#8211; Citystrada S.A. Usprawnij komunikacj\u0119 mobiln\u0105 w Twojej firmie. Citystrada S.A. oferuje abonamenty GSM dla biznesu, zapewniaj\u0105ce pe\u0142n\u0105 kontrol\u0119 nad kosztami i elastyczne dopasowanie do Twoich potrzeb. Dlaczego wybra\u0107 Telefoni\u0119 GSM od Citystrada S.A.? Konkurencyjne ceny:\u00a0Atrakcyjne pakiety minut, SMS-\u00f3w i danych, pozwalaj\u0105ce na optymalizacj\u0119 koszt\u00f3w. Elastyczne pakiety:\u00a0Dopasuj liczb\u0119 numer\u00f3w, minut, [&hellip;]","og_url":"https:\/\/citystrada.pl\/?page_id=56","og_site_name":"Citystrada S.A.","article_modified_time":"2025-06-17T15:20:28+00:00","twitter_card":"summary_large_image","twitter_misc":{"Szacowany czas czytania":"2 minuty"},"schema":{"@context":"https:\/\/schema.org","@graph":[{"@type":"WebPage","@id":"https:\/\/citystrada.pl\/?page_id=56","url":"https:\/\/citystrada.pl\/?page_id=56","name":"Telefonia GSM - Citystrada S.A.","isPartOf":{"@id":"https:\/\/citystrada.pl\/#website"},"datePublished":"2024-07-12T07:07:51+00:00","dateModified":"2025-06-17T15:20:28+00:00","breadcrumb":{"@id":"https:\/\/citystrada.pl\/?page_id=56#breadcrumb"},"inLanguage":"pl-PL","potentialAction":[{"@type":"ReadAction","target":["https:\/\/citystrada.pl\/?page_id=56"]}]},{"@type":"BreadcrumbList","@id":"https:\/\/citystrada.pl\/?page_id=56#breadcrumb","itemListElement":[{"@type":"ListItem","position":1,"name":"Home","item":"https:\/\/citystrada.pl\/"},{"@type":"ListItem","position":2,"name":"Telefonia GSM"}]},{"@type":"WebSite","@id":"https:\/\/citystrada.pl\/#website","url":"https:\/\/citystrada.pl\/","name":"GalaxyNet","description":"wi\u0119cej ni\u017c \u015bwiat\u0142ow\u00f3d","potentialAction":[{"@type":"SearchAction","target":{"@type":"EntryPoint","urlTemplate":"https:\/\/citystrada.pl\/?s={search_term_string}"},"query-input":{"@type":"PropertyValueSpecification","valueRequired":true,"valueName":"search_term_string"}}],"inLanguage":"pl-PL"}]}},"_links":{"self":[{"href":"https:\/\/citystrada.pl\/index.php?rest_route=\/wp\/v2\/pages\/56","targetHints":{"allow":["GET"]}}],"collection":[{"href":"https:\/\/citystrada.pl\/index.php?rest_route=\/wp\/v2\/pages"}],"about":[{"href":"https:\/\/citystrada.pl\/index.php?rest_route=\/wp\/v2\/types\/page"}],"author":[{"embeddable":true,"href":"https:\/\/citystrada.pl\/index.php?rest_route=\/wp\/v2\/users\/1"}],"replies":[{"embeddable":true,"href":"https:\/\/citystrada.pl\/index.php?rest_route=%2Fwp%2Fv2%2Fcomments&post=56"}],"version-history":[{"count":11,"href":"https:\/\/citystrada.pl\/index.php?rest_route=\/wp\/v2\/pages\/56\/revisions"}],"predecessor-version":[{"id":447,"href":"https:\/\/citystrada.pl\/index.php?rest_route=\/wp\/v2\/pages\/56\/revisions\/447"}],"wp:attachment":[{"href":"https:\/\/citystrada.pl\/index.php?rest_route=%2Fwp%2Fv2%2Fmedia&parent=56"}],"curies":[{"name":"wp","href":"https:\/\/api.w.org\/{rel}","templated":true}]}}