{"id":406,"date":"2025-06-17T15:37:12","date_gmt":"2025-06-17T13:37:12","guid":{"rendered":"https:\/\/citystrada.pl\/?page_id=406"},"modified":"2025-06-17T15:37:13","modified_gmt":"2025-06-17T13:37:13","slug":"o-nas-2","status":"publish","type":"page","link":"https:\/\/citystrada.pl\/?page_id=406","title":{"rendered":"O nas"},"content":{"rendered":"","protected":false},"excerpt":{"rendered":"","protected":false},"author":1,"featured_media":0,"parent":0,"menu_order":0,"comment_status":"closed","ping_status":"closed","template":"","meta":{"footnotes":""},"class_list":["post-406","page","type-page","status-publish","hentry"],"yoast_head":"<!-- This site is optimized with the Yoast SEO plugin v27.3 - https:\/\/yoast.com\/product\/yoast-seo-wordpress\/ -->\n<title>O nas - Citystrada S.A.<\/title>\n<meta name=\"robots\" content=\"index, follow, max-snippet:-1, max-image-preview:large, max-video-preview:-1\" \/>\n<link rel=\"canonical\" href=\"https:\/\/citystrada.pl\/?page_id=406\" \/>\n<meta property=\"og:locale\" content=\"pl_PL\" \/>\n<meta property=\"og:type\" content=\"article\" \/>\n<meta property=\"og:title\" content=\"O nas - Citystrada S.A.\" \/>\n<meta property=\"og:url\" content=\"https:\/\/citystrada.pl\/?page_id=406\" \/>\n<meta property=\"og:site_name\" content=\"Citystrada S.A.\" \/>\n<meta property=\"article:modified_time\" content=\"2025-06-17T13:37:13+00:00\" \/>\n<meta name=\"twitter:card\" content=\"summary_large_image\" \/>\n<script type=\"application\/ld+json\" class=\"yoast-schema-graph\">{\"@context\":\"https:\\\/\\\/schema.org\",\"@graph\":[{\"@type\":\"WebPage\",\"@id\":\"https:\\\/\\\/citystrada.pl\\\/?page_id=406\",\"url\":\"https:\\\/\\\/citystrada.pl\\\/?page_id=406\",\"name\":\"O nas - Citystrada S.A.\",\"isPartOf\":{\"@id\":\"https:\\\/\\\/citystrada.pl\\\/#website\"},\"datePublished\":\"2025-06-17T13:37:12+00:00\",\"dateModified\":\"2025-06-17T13:37:13+00:00\",\"breadcrumb\":{\"@id\":\"https:\\\/\\\/citystrada.pl\\\/?page_id=406#breadcrumb\"},\"inLanguage\":\"pl-PL\",\"potentialAction\":[{\"@type\":\"ReadAction\",\"target\":[\"https:\\\/\\\/citystrada.pl\\\/?page_id=406\"]}]},{\"@type\":\"BreadcrumbList\",\"@id\":\"https:\\\/\\\/citystrada.pl\\\/?page_id=406#breadcrumb\",\"itemListElement\":[{\"@type\":\"ListItem\",\"position\":1,\"name\":\"Home\",\"item\":\"https:\\\/\\\/citystrada.pl\\\/\"},{\"@type\":\"ListItem\",\"position\":2,\"name\":\"O nas\"}]},{\"@type\":\"WebSite\",\"@id\":\"https:\\\/\\\/citystrada.pl\\\/#website\",\"url\":\"https:\\\/\\\/citystrada.pl\\\/\",\"name\":\"GalaxyNet\",\"description\":\"wi\u0119cej ni\u017c \u015bwiat\u0142ow\u00f3d\",\"potentialAction\":[{\"@type\":\"SearchAction\",\"target\":{\"@type\":\"EntryPoint\",\"urlTemplate\":\"https:\\\/\\\/citystrada.pl\\\/?s={search_term_string}\"},\"query-input\":{\"@type\":\"PropertyValueSpecification\",\"valueRequired\":true,\"valueName\":\"search_term_string\"}}],\"inLanguage\":\"pl-PL\"}]}<\/script>\n<!-- \/ Yoast SEO plugin. -->","yoast_head_json":{"title":"O nas - Citystrada S.A.","robots":{"index":"index","follow":"follow","max-snippet":"max-snippet:-1","max-image-preview":"max-image-preview:large","max-video-preview":"max-video-preview:-1"},"canonical":"https:\/\/citystrada.pl\/?page_id=406","og_locale":"pl_PL","og_type":"article","og_title":"O nas - Citystrada S.A.","og_url":"https:\/\/citystrada.pl\/?page_id=406","og_site_name":"Citystrada S.A.","article_modified_time":"2025-06-17T13:37:13+00:00","twitter_card":"summary_large_image","schema":{"@context":"https:\/\/schema.org","@graph":[{"@type":"WebPage","@id":"https:\/\/citystrada.pl\/?page_id=406","url":"https:\/\/citystrada.pl\/?page_id=406","name":"O nas - Citystrada S.A.","isPartOf":{"@id":"https:\/\/citystrada.pl\/#website"},"datePublished":"2025-06-17T13:37:12+00:00","dateModified":"2025-06-17T13:37:13+00:00","breadcrumb":{"@id":"https:\/\/citystrada.pl\/?page_id=406#breadcrumb"},"inLanguage":"pl-PL","potentialAction":[{"@type":"ReadAction","target":["https:\/\/citystrada.pl\/?page_id=406"]}]},{"@type":"BreadcrumbList","@id":"https:\/\/citystrada.pl\/?page_id=406#breadcrumb","itemListElement":[{"@type":"ListItem","position":1,"name":"Home","item":"https:\/\/citystrada.pl\/"},{"@type":"ListItem","position":2,"name":"O nas"}]},{"@type":"WebSite","@id":"https:\/\/citystrada.pl\/#website","url":"https:\/\/citystrada.pl\/","name":"GalaxyNet","description":"wi\u0119cej ni\u017c \u015bwiat\u0142ow\u00f3d","potentialAction":[{"@type":"SearchAction","target":{"@type":"EntryPoint","urlTemplate":"https:\/\/citystrada.pl\/?s={search_term_string}"},"query-input":{"@type":"PropertyValueSpecification","valueRequired":true,"valueName":"search_term_string"}}],"inLanguage":"pl-PL"}]}},"_links":{"self":[{"href":"https:\/\/citystrada.pl\/index.php?rest_route=\/wp\/v2\/pages\/406","targetHints":{"allow":["GET"]}}],"collection":[{"href":"https:\/\/citystrada.pl\/index.php?rest_route=\/wp\/v2\/pages"}],"about":[{"href":"https:\/\/citystrada.pl\/index.php?rest_route=\/wp\/v2\/types\/page"}],"author":[{"embeddable":true,"href":"https:\/\/citystrada.pl\/index.php?rest_route=\/wp\/v2\/users\/1"}],"replies":[{"embeddable":true,"href":"https:\/\/citystrada.pl\/index.php?rest_route=%2Fwp%2Fv2%2Fcomments&post=406"}],"version-history":[{"count":1,"href":"https:\/\/citystrada.pl\/index.php?rest_route=\/wp\/v2\/pages\/406\/revisions"}],"predecessor-version":[{"id":407,"href":"https:\/\/citystrada.pl\/index.php?rest_route=\/wp\/v2\/pages\/406\/revisions\/407"}],"wp:attachment":[{"href":"https:\/\/citystrada.pl\/index.php?rest_route=%2Fwp%2Fv2%2Fmedia&parent=406"}],"curies":[{"name":"wp","href":"https:\/\/api.w.org\/{rel}","templated":true}]}}