{"id":364,"date":"2025-06-17T14:46:05","date_gmt":"2025-06-17T12:46:05","guid":{"rendered":"https:\/\/citystrada.pl\/?page_id=364"},"modified":"2025-06-17T14:46:06","modified_gmt":"2025-06-17T12:46:06","slug":"oferta","status":"publish","type":"page","link":"https:\/\/citystrada.pl\/?page_id=364","title":{"rendered":"Oferta"},"content":{"rendered":"\n<ul class=\"wp-block-list\">\n<li>Internet \u015awiat\u0142owodowy<\/li>\n\n\n\n<li>Transmisja Danych<\/li>\n\n\n\n<li>Dzier\u017cawa W\u0142\u00f3kien<\/li>\n\n\n\n<li>Telefonia\n<ul class=\"wp-block-list\">\n<li>Telefon VoIP<\/li>\n<\/ul>\n<\/li>\n\n\n\n<li>\u0141\u0105cze Backupowe<\/li>\n<\/ul>\n","protected":false},"excerpt":{"rendered":"","protected":false},"author":1,"featured_media":0,"parent":0,"menu_order":0,"comment_status":"closed","ping_status":"closed","template":"","meta":{"footnotes":""},"class_list":["post-364","page","type-page","status-publish","hentry"],"yoast_head":"<!-- This site is optimized with the Yoast SEO plugin v27.3 - https:\/\/yoast.com\/product\/yoast-seo-wordpress\/ -->\n<title>Oferta - Citystrada S.A.<\/title>\n<meta name=\"robots\" content=\"index, follow, max-snippet:-1, max-image-preview:large, max-video-preview:-1\" \/>\n<link rel=\"canonical\" href=\"https:\/\/citystrada.pl\/?page_id=364\" \/>\n<meta property=\"og:locale\" content=\"pl_PL\" \/>\n<meta property=\"og:type\" content=\"article\" \/>\n<meta property=\"og:title\" content=\"Oferta - Citystrada S.A.\" \/>\n<meta property=\"og:url\" content=\"https:\/\/citystrada.pl\/?page_id=364\" \/>\n<meta property=\"og:site_name\" content=\"Citystrada S.A.\" \/>\n<meta property=\"article:modified_time\" content=\"2025-06-17T12:46:06+00:00\" \/>\n<meta name=\"twitter:card\" content=\"summary_large_image\" \/>\n<meta name=\"twitter:label1\" content=\"Szacowany czas czytania\" \/>\n\t<meta name=\"twitter:data1\" content=\"1 minuta\" \/>\n<script type=\"application\/ld+json\" class=\"yoast-schema-graph\">{\"@context\":\"https:\\\/\\\/schema.org\",\"@graph\":[{\"@type\":\"WebPage\",\"@id\":\"https:\\\/\\\/citystrada.pl\\\/?page_id=364\",\"url\":\"https:\\\/\\\/citystrada.pl\\\/?page_id=364\",\"name\":\"Oferta - Citystrada S.A.\",\"isPartOf\":{\"@id\":\"https:\\\/\\\/citystrada.pl\\\/#website\"},\"datePublished\":\"2025-06-17T12:46:05+00:00\",\"dateModified\":\"2025-06-17T12:46:06+00:00\",\"breadcrumb\":{\"@id\":\"https:\\\/\\\/citystrada.pl\\\/?page_id=364#breadcrumb\"},\"inLanguage\":\"pl-PL\",\"potentialAction\":[{\"@type\":\"ReadAction\",\"target\":[\"https:\\\/\\\/citystrada.pl\\\/?page_id=364\"]}]},{\"@type\":\"BreadcrumbList\",\"@id\":\"https:\\\/\\\/citystrada.pl\\\/?page_id=364#breadcrumb\",\"itemListElement\":[{\"@type\":\"ListItem\",\"position\":1,\"name\":\"Home\",\"item\":\"https:\\\/\\\/citystrada.pl\\\/\"},{\"@type\":\"ListItem\",\"position\":2,\"name\":\"Oferta\"}]},{\"@type\":\"WebSite\",\"@id\":\"https:\\\/\\\/citystrada.pl\\\/#website\",\"url\":\"https:\\\/\\\/citystrada.pl\\\/\",\"name\":\"GalaxyNet\",\"description\":\"wi\u0119cej ni\u017c \u015bwiat\u0142ow\u00f3d\",\"potentialAction\":[{\"@type\":\"SearchAction\",\"target\":{\"@type\":\"EntryPoint\",\"urlTemplate\":\"https:\\\/\\\/citystrada.pl\\\/?s={search_term_string}\"},\"query-input\":{\"@type\":\"PropertyValueSpecification\",\"valueRequired\":true,\"valueName\":\"search_term_string\"}}],\"inLanguage\":\"pl-PL\"}]}<\/script>\n<!-- \/ Yoast SEO plugin. -->","yoast_head_json":{"title":"Oferta - Citystrada S.A.","robots":{"index":"index","follow":"follow","max-snippet":"max-snippet:-1","max-image-preview":"max-image-preview:large","max-video-preview":"max-video-preview:-1"},"canonical":"https:\/\/citystrada.pl\/?page_id=364","og_locale":"pl_PL","og_type":"article","og_title":"Oferta - Citystrada S.A.","og_url":"https:\/\/citystrada.pl\/?page_id=364","og_site_name":"Citystrada S.A.","article_modified_time":"2025-06-17T12:46:06+00:00","twitter_card":"summary_large_image","twitter_misc":{"Szacowany czas czytania":"1 minuta"},"schema":{"@context":"https:\/\/schema.org","@graph":[{"@type":"WebPage","@id":"https:\/\/citystrada.pl\/?page_id=364","url":"https:\/\/citystrada.pl\/?page_id=364","name":"Oferta - Citystrada S.A.","isPartOf":{"@id":"https:\/\/citystrada.pl\/#website"},"datePublished":"2025-06-17T12:46:05+00:00","dateModified":"2025-06-17T12:46:06+00:00","breadcrumb":{"@id":"https:\/\/citystrada.pl\/?page_id=364#breadcrumb"},"inLanguage":"pl-PL","potentialAction":[{"@type":"ReadAction","target":["https:\/\/citystrada.pl\/?page_id=364"]}]},{"@type":"BreadcrumbList","@id":"https:\/\/citystrada.pl\/?page_id=364#breadcrumb","itemListElement":[{"@type":"ListItem","position":1,"name":"Home","item":"https:\/\/citystrada.pl\/"},{"@type":"ListItem","position":2,"name":"Oferta"}]},{"@type":"WebSite","@id":"https:\/\/citystrada.pl\/#website","url":"https:\/\/citystrada.pl\/","name":"GalaxyNet","description":"wi\u0119cej ni\u017c \u015bwiat\u0142ow\u00f3d","potentialAction":[{"@type":"SearchAction","target":{"@type":"EntryPoint","urlTemplate":"https:\/\/citystrada.pl\/?s={search_term_string}"},"query-input":{"@type":"PropertyValueSpecification","valueRequired":true,"valueName":"search_term_string"}}],"inLanguage":"pl-PL"}]}},"_links":{"self":[{"href":"https:\/\/citystrada.pl\/index.php?rest_route=\/wp\/v2\/pages\/364","targetHints":{"allow":["GET"]}}],"collection":[{"href":"https:\/\/citystrada.pl\/index.php?rest_route=\/wp\/v2\/pages"}],"about":[{"href":"https:\/\/citystrada.pl\/index.php?rest_route=\/wp\/v2\/types\/page"}],"author":[{"embeddable":true,"href":"https:\/\/citystrada.pl\/index.php?rest_route=\/wp\/v2\/users\/1"}],"replies":[{"embeddable":true,"href":"https:\/\/citystrada.pl\/index.php?rest_route=%2Fwp%2Fv2%2Fcomments&post=364"}],"version-history":[{"count":1,"href":"https:\/\/citystrada.pl\/index.php?rest_route=\/wp\/v2\/pages\/364\/revisions"}],"predecessor-version":[{"id":365,"href":"https:\/\/citystrada.pl\/index.php?rest_route=\/wp\/v2\/pages\/364\/revisions\/365"}],"wp:attachment":[{"href":"https:\/\/citystrada.pl\/index.php?rest_route=%2Fwp%2Fv2%2Fmedia&parent=364"}],"curies":[{"name":"wp","href":"https:\/\/api.w.org\/{rel}","templated":true}]}}